{"id":125,"date":"2024-03-01T17:40:59","date_gmt":"2024-03-01T17:40:59","guid":{"rendered":"https:\/\/mequieresonar.com\/?page_id=125"},"modified":"2024-03-01T19:44:57","modified_gmt":"2024-03-01T19:44:57","slug":"contacto","status":"publish","type":"page","link":"https:\/\/mequieresonar.com\/index.php\/contacto\/","title":{"rendered":"Contacto"},"content":{"rendered":"\n<p>Si quieres contactar conmigo aqu\u00ed tienes este formulario.<\/p>\n\n\n\n<p>Si lo prefieres, puedes escribirme a\u00a0<a href=\"mailto:mequieresonarmail@gmail.com\">mequieresonarmail@gmail.com<\/a>\u00a0o mediante cualquiera de las redes sociales de <a href=\"https:\/\/www.instagram.com\/me_quiere_sonar\/\" data-type=\"link\" data-id=\"https:\/\/www.instagram.com\/me_quiere_sonar\/\" target=\"_blank\" rel=\"noopener\">Instagram<\/a> o <a href=\"https:\/\/twitter.com\/me_quiere_sonar\" target=\"_blank\" rel=\"noopener\">Twitter<\/a>.<\/p>\n\n\n\n<p>\u00a1Te contestar\u00e9 en cuanto tenga un ratito!<\/p>\n\n\n\n<p>Tambi\u00e9n puedes suscribirte a mi newsletter para estar al d\u00eda de lo que pase por aqu\u00ed.<\/p>\n","protected":false},"excerpt":{"rendered":"<p>Si quieres contactar conmigo aqu\u00ed tienes este formulario. Si lo prefieres, puedes escribirme a\u00a0mequieresonarmail@gmail.com\u00a0o mediante cualquiera de las redes sociales de Instagram o Twitter. \u00a1Te &hellip; <\/p>\n","protected":false},"author":1,"featured_media":0,"parent":0,"menu_order":0,"comment_status":"closed","ping_status":"closed","template":"","meta":{"footnotes":""},"class_list":["post-125","page","type-page","status-publish","hentry","latest_post"],"_links":{"self":[{"href":"https:\/\/mequieresonar.com\/index.php\/wp-json\/wp\/v2\/pages\/125","targetHints":{"allow":["GET"]}}],"collection":[{"href":"https:\/\/mequieresonar.com\/index.php\/wp-json\/wp\/v2\/pages"}],"about":[{"href":"https:\/\/mequieresonar.com\/index.php\/wp-json\/wp\/v2\/types\/page"}],"author":[{"embeddable":true,"href":"https:\/\/mequieresonar.com\/index.php\/wp-json\/wp\/v2\/users\/1"}],"replies":[{"embeddable":true,"href":"https:\/\/mequieresonar.com\/index.php\/wp-json\/wp\/v2\/comments?post=125"}],"version-history":[{"count":3,"href":"https:\/\/mequieresonar.com\/index.php\/wp-json\/wp\/v2\/pages\/125\/revisions"}],"predecessor-version":[{"id":155,"href":"https:\/\/mequieresonar.com\/index.php\/wp-json\/wp\/v2\/pages\/125\/revisions\/155"}],"wp:attachment":[{"href":"https:\/\/mequieresonar.com\/index.php\/wp-json\/wp\/v2\/media?parent=125"}],"curies":[{"name":"wp","href":"https:\/\/api.w.org\/{rel}","templated":true}]}}