{"id":148,"date":"2024-03-01T19:22:31","date_gmt":"2024-03-01T19:22:31","guid":{"rendered":"https:\/\/mequieresonar.com\/?page_id=148"},"modified":"2024-03-01T19:22:31","modified_gmt":"2024-03-01T19:22:31","slug":"aviso-legal","status":"publish","type":"page","link":"https:\/\/mequieresonar.com\/index.php\/aviso-legal\/","title":{"rendered":"Aviso legal"},"content":{"rendered":"\n<h2>Identificaci\u00f3n y Titularidad<\/h2>\n\n<p>\n\t\tEn cumplimiento del art\u00edculo 10 de la Ley 34\/2002, de 11 de julio, de Servicios de la Sociedad de la Informaci\u00f3n y Comercio Electr\u00f3nico, el Titular expone sus datos identificativos:\n<\/p>\n\n<p>\n\t<ul>\t\t\n\t\t<li>\n\t\t\t<b>Titular:<\/b>&nbsp;\t\t\n\t\t\t\n\t\t\tEl titular del sitio.\n\t\t<\/li>\n\t\t\n\n\n\t\t<li>\n\t\t\t<b>Domicilio:<\/b>&nbsp;\n\t\t\t  - Espa\u00f1a.\n\t\t<\/li>\n\t\t\n\t\t\n\n\t\t<li>\n\t\t\t<b>Sitio Web:<\/b>&nbsp;\n\t\t\t<a href=\"https:\/\/mequieresonar.com\">https:\/\/mequieresonar.com<\/a>\n\t\t<\/li>\n\t<\/ul>\n<\/p>\n\n\n\n<h2>Condiciones de Uso<\/h2>\n<p>\n\tLa utilizaci\u00f3n del Sitio Web le otorga la condici\u00f3n de Usuario, e implica la aceptaci\u00f3n completa de todas las cl\u00e1usulas y condiciones de uso incluidas en las p\u00e1ginas:\n\t<ul>\t\t\n\t\t<li><a href=\"https:\/\/mequieresonar.com\/index.php\/aviso-legal\/\">Aviso Legal<\/a><\/li>\n\t\t<li><a href=\"https:\/\/mequieresonar.com\/index.php\/hola-mundo\/\">Pol\u00edtica de Privacidad<\/a><\/li>\n\t\t\n\t<\/ul>\t\n<\/p>\n\n<p>\n\tSi no estuviera conforme con todas y cada una de estas cl\u00e1usulas y condiciones abst\u00e9ngase de utilizar el Sitio Web.\n<\/p>\n\n<p>\t\n\tEl acceso al Sitio Web no supone, en modo alguno, el inicio de una relaci\u00f3n comercial con el Titular.\n<\/p>\n\n<p>\t\n\tA trav\u00e9s del Sitio Web, el Titular le facilita el acceso y la utilizaci\u00f3n de diversos contenidos que el Titular y\/o sus colaboradores han publicado por medio de Internet.\n<\/p>\n\n<p>\n\tA tal efecto, est\u00e1 obligado y comprometido a NO utilizar cualquiera de los contenidos del Sitio Web con fines o efectos il\u00edcitos, prohibidos en este Aviso Legal o por la legislaci\u00f3n vigente, lesivos de los derechos e intereses de terceros, o que de cualquier forma puedan da\u00f1ar, inutilizar, sobrecargar, deteriorar o impedir la normal utilizaci\u00f3n de los contenidos, los equipos inform\u00e1ticos o los documentos, archivos y toda clase de contenidos almacenados en cualquier equipo inform\u00e1tico propios o contratados por el Titular, de otros usuarios o de cualquier usuario de Internet.\n<\/p>\n\n\n\n\n\n\n<h2>Medidas de seguridad<\/h2>\n<p>\n\tLos datos personales que facilite al Titular pueden ser almacenados en bases de datos automatizadas o no, cuya titularidad corresponde en exclusiva al Titular, que asume todas las medidas de \u00edndole t\u00e9cnica, organizativa y de seguridad que garantizan la confidencialidad, integridad y calidad de la informaci\u00f3n contenida en las mismas de acuerdo con lo establecido en la normativa vigente en protecci\u00f3n de datos.\n<\/p>\n<p>\n\tNo obstante, debe ser consciente de que las medidas de seguridad de los sistemas inform\u00e1ticos en Internet no son enteramente fiables y que, por tanto el Titular no puede garantizar la inexistencia de virus u otros elementos que puedan producir alteraciones en los sistemas inform\u00e1ticos (software y hardware) del Usuario o en sus documentos electr\u00f3nicos y ficheros contenidos en los mismos aunque el Titular pone todos los medios necesarios y toma las medidas de seguridad oportunas para evitar la presencia de estos elementos da\u00f1inos.\n<\/p>\n\n\n<h2>Tratamiento de Datos Personales<\/h2>\n<p>\t\n\tPuede consultar toda la informaci\u00f3n relativa al tratamiento de datos personales que recoge el Titular en la p\u00e1gina de  <a href=\"https:\/\/mequieresonar.com\/index.php\/hola-mundo\/\">Pol\u00edtica de Privacidad<\/a>.\n<\/p>\n\n<h2>Contenidos<\/h2>\n<p>\n\tEl Titular ha obtenido la informaci\u00f3n, el contenido multimedia y los materiales incluidos en el Sitio Web de fuentes que considera fiables, pero, si bien ha tomado todas las medidas razonables para asegurar que la informaci\u00f3n contenida es correcta, el Titular no garantiza que sea exacta, completa o actualizada. El Titular declina expresamente cualquier responsabilidad por error u omisi\u00f3n en la informaci\u00f3n contenida en las p\u00e1ginas del Sitio Web.\n<\/p>\n\n<p>\n\tQueda prohibido transmitir o enviar a trav\u00e9s del Sitio Web cualquier contenido ilegal o il\u00edcito, virus inform\u00e1ticos, o mensajes que, en general, afecten o violen derechos del Titular o de terceros.\n<\/p>\n\n<p>\n\tLos contenidos del Sitio Web tienen \u00fanicamente una finalidad informativa y bajo ninguna circunstancia deben usarse ni considerarse como oferta de venta, solicitud de una oferta de compra ni recomendaci\u00f3n para realizar cualquier otra operaci\u00f3n, salvo que as\u00ed se indique expresamente.\n<\/p>\n\n<p>\n\tEl Titular se reserva el derecho a modificar, suspender, cancelar o restringir el contenido del Sitio Web, los v\u00ednculos o la informaci\u00f3n obtenida a trav\u00e9s del Sitio Web, sin necesidad de previo aviso.\n<\/p>\n\n<p>\n\tEl Titular\u00a0no es responsable de los da\u00f1os y perjuicios que pudieran derivarse de la utilizaci\u00f3n de la informaci\u00f3n del Sitio Web o de la contenida en las redes sociales del Titular.\n<\/p>\n\n\n<h2>Pol\u00edtica de cookies<\/h2>\n<p>\n\tEl Titular obtiene y conserva la siguiente informaci\u00f3n acerca de los visitantes del Sitio Web:\n<\/p>\n<p>\n\t<ul>\n\t\t<li>El nombre de dominio del proveedor (PSI) y\/o direcci\u00f3n IP que les da acceso a la red.<\/li>\n\t\t<li>La fecha y hora de acceso al sitio Web.<\/li>\n\t\t<li>La direcci\u00f3n de Internet origen del enlace que dirige al sitio Web.<\/li>\n\t\t<li>El n\u00famero de visitantes diarios de cada secci\u00f3n.<\/li>\n\t\t<li>La informaci\u00f3n obtenida es totalmente an\u00f3nima, y en ning\u00fan caso puede ser asociada a un Usuario concreto e identificado.<\/li>\n\t<\/ul>\n<\/p>\n\n\n<h2>Enlaces a otros sitios Web<\/h2>\n<p>\n\tEl Titular puede proporcionarle acceso a sitios Web de terceros mediante enlaces con la finalidad exclusiva de informar sobre la existencia de otras fuentes de informaci\u00f3n en Internet en las que podr\u00e1 ampliar los datos ofrecidos en el Sitio Web.\n<\/p>\n\n<p>\t\n\tEstos enlaces a otros sitios Web no suponen en ning\u00fan caso una sugerencia o recomendaci\u00f3n para que usted visite las p\u00e1ginas web de destino, que est\u00e1n fuera del control del Titular, por lo que el Titular no es responsable del contenido de los sitios web vinculados ni del resultado que obtenga al seguir los enlaces.\n\tAsimismo, el Titular no responde de los links o enlaces ubicados en los sitios web vinculados a los que le proporciona acceso.\n<\/p>\n\n<p>\n\tEl establecimiento del enlace no implica en ning\u00fan caso la existencia de relaciones entre el Titular y el propietario del sitio en el que se establezca el enlace, ni la aceptaci\u00f3n o aprobaci\u00f3n por parte del Titular de sus contenidos o servicios.\n<\/p>\n\n<p>\t\n\tSi accede a un sitio web externo desde un enlace que encuentre en el Sitio Web usted deber\u00e1 leer la propia pol\u00edtica de privacidad del otro sitio web que puede ser diferente de la de este sitio Web.\n<\/p>\n\n\n\n<h2>Propiedad intelectual e industrial<\/h2>\n<p>\n\tTodos los derechos est\u00e1n reservados.\n<\/p>\n<p>\n\tTodo acceso a este Sitio Web est\u00e1 sujeto a las siguientes condiciones: la reproducci\u00f3n, almacenaje permanente y la difusi\u00f3n de los contenidos o cualquier otro uso que tenga finalidad p\u00fablica o comercial queda expresamente prohibida sin el consentimiento previo expreso y por escrito del Titular.\n<\/p>\n\n\n<h2>Limitaci\u00f3n de responsabilidad<\/h2>\n<p>\n\tLa informaci\u00f3n y servicios incluidos o disponibles a trav\u00e9s del Sitio Web pueden incluir incorrecciones o errores tipogr\u00e1ficos. De forma peri\u00f3dica el Titular incorpora mejoras y\/o cambios a la informaci\u00f3n contenida y\/o los Servicios que puede introducir en cualquier momento.\n<\/p>\n<p>\n\tEl Titular no declara ni garantiza que los servicios o contenidos sean interrumpidos o que est\u00e9n libres de errores, que los defectos sean corregidos, o que el servicio o el servidor que lo pone a disposici\u00f3n est\u00e9n libres de virus u otros componentes nocivos sin perjuicio de que el Titular realiza todos los esfuerzos en evitar este tipo de incidentes.\n<\/p>\n<p>\n\tEl Titular declina cualquier responsabilidad en caso de que existan interrupciones o un mal funcionamiento de los Servicios o contenidos ofrecidos en Internet, cualquiera que sea su causa. Asimismo, el Titular no se hace responsable por ca\u00eddas de la red, p\u00e9rdidas de negocio a consecuencia de dichas ca\u00eddas, suspensiones temporales de fluido el\u00e9ctrico o cualquier otro tipo de da\u00f1o indirecto que te pueda ser causado por causas ajenas a el Titular.\n<\/p>\n<p>\n\tAntes de tomar decisiones y\/o acciones con base a la informaci\u00f3n incluida en el Sitio Web, el Titular le recomienda comprobar y contrastar la informaci\u00f3n recibida con otras fuentes.\n<\/p>\n\n\n\n<h2>Jurisdicci\u00f3n<\/h2>\n<p>\t\n\tEste Aviso Legal se rige \u00edntegramente por la legislaci\u00f3n espa\u00f1ola.\n<\/p>\n\n\n\n<h1 class=\"wp-block-heading\"><strong>1. Introducci\u00f3n<\/strong><\/h1>\n\n\n\n<p>En cumplimiento con el deber de informaci\u00f3n recogido en art\u00edculo 10 de la Ley 34\/2002, de 11 de julio, de Servicios de la Sociedad de la Informaci\u00f3n y del Comercio Electr\u00f3nico, a continuaci\u00f3n se declara a Diana Peral titular de la web <a href=\"https:\/\/mequieresonar.com\/\" data-type=\"link\" data-id=\"https:\/\/mequieresonar.com\/\">www.mequieresonar.com<\/a> \u00a0(con marca comercial: \u201cMe Quiere Sonar\u201d), con domicilio a estos efectos en\u00a0Madrid y correo electr\u00f3nico mequieresonarmail@gmail.com.<\/p>\n\n\n\n<h1 class=\"wp-block-heading\"><strong>2. Responsabilidad<\/strong><\/h1>\n\n\n\n<p>El contenido de\u00a0Me Quiere Sonar se basa en mi propia experiencia. No garantizo su exactitud, fiabilidad o que\u00a0est\u00e9 expresada de manera poco precisa.<\/p>\n\n\n\n<p>Me Quiere Sonar en ning\u00fan caso se hace responsable del da\u00f1o que\u00a0se derive del uso de la informaci\u00f3n y del contenido de la web.<\/p>\n\n\n\n<p>Me Quiere Sonar no se hace responsable de las opiniones de terceros vertidas en los comentarios. Si alguna de esas opiniones son consideradas ofensivas ser\u00e1n borradas inmediatamente.<\/p>\n\n\n\n<p>Me Quiere Sonar har\u00e1 todo lo posible por el buen funcionamiento del sitio web, sin embargo, no se responsabiliza ni garantiza que el acceso no vaya a ser ininterrumpido o que est\u00e9 libre de error. Igualmente no se hace responsable de los defectos t\u00e9cnicos, cualquiera que sea su naturaleza.<\/p>\n\n\n\n<p>Con car\u00e1cter general la resoluci\u00f3n de todos los problemas\u00a0relacionados con el sitio web Me Quiere Sonar o de las actividades en \u00e9l desarrolladas, ser\u00e1 de aplicaci\u00f3n la legislaci\u00f3n espa\u00f1ola, a la que se someten expresamente las partes.<\/p>\n\n\n\n<h1 class=\"wp-block-heading\"><strong>3. Condiciones de uso<\/strong><\/h1>\n\n\n\n<p>Las presentes Condiciones Generales\u00a0regulan el uso de la web Me Quiere Sonar, incluidos los contenidos y servicios puestos a disposici\u00f3n en ella.<\/p>\n\n\n\n<p>El usuario reconoce y acepta que el acceso y uso del sitio web y de los contenidos incluidos en el mismo tiene lugar libre y conscientemente, bajo su exclusiva responsabilidad.<\/p>\n\n\n\n<p>La utilizaci\u00f3n del sitio web Me Quiere Sonar supone la aceptaci\u00f3n plena por el usuario de todas las Condiciones Generales de Uso vigentes en cada momento en que el usuario acceda al mismo, por lo que si no est\u00e1 de acuerdo con el contenido del mismo deber\u00e1 abstenerse de hacer uso de la web.<\/p>\n\n\n\n<p>El usuario se compromete a hacer un uso adecuado y l\u00edcito del sitio web y de los contenidos, de conformidad con la legislaci\u00f3n aplicable, las presentes Condiciones Generales de Uso, la moral y buenas costumbres generalmente aceptadas y el orden p\u00fablico. Me Quiere Sonar se reserva el derecho a retirar el acceso al Portal, sin necesidad de previo aviso, a cualquier usuario que contravenga lo dispuesto en este aviso legal.<\/p>\n\n\n\n<p>En todo caso, Me Quiere Sonar se reserva el derecho de modificar, en cualquier momento y sin necesidad de previo aviso, la presentaci\u00f3n y configuraci\u00f3n de la web,<strong>\u00a0<\/strong>as\u00ed como las presentes Condiciones Generales o las correspondientes Condiciones Particulares.<\/p>\n\n\n\n<h1 class=\"wp-block-heading\"><strong>4. Licencia del contenido<\/strong><\/h1>\n\n\n\n<p>Todos los derechos de propiedad industrial e intelectual\u00a0de este sitio web, as\u00ed como de los elementos contenidos en el mismo y en sus p\u00e1ginas web (incluidos, con car\u00e1cter enunciativo que no limitativo, el dise\u00f1o gr\u00e1fico, c\u00f3digo fuente, logos, contenidos, im\u00e1genes, textos, gr\u00e1ficos, ilustraciones, fotograf\u00edas, bases de datos y dem\u00e1s elementos que aparecen en la web), salvo que se indique lo contrario, son titularidad exclusiva de Me Quiere Sonar, o de terceros si se especifica por medio de una firma o menci\u00f3n.<\/p>\n\n\n\n<p>Los contenidos (texto e im\u00e1genes) que puedes encontrar en www.mequieresonar.com se ajustan a la\u00a0licencia de\u00a0<strong><a href=\"http:\/\/creativecommons.org\/licenses\/by-nc-sa\/4.0\/\" target=\"_blank\" rel=\"noopener\">Licencia Creative Commons Atribuci\u00f3n-NoComercial-CompartirIgual 4.0 Internacional<\/a>.<\/strong><\/p>\n\n\n\n<h1 class=\"wp-block-heading\"><strong>5. Cookies<\/strong><\/h1>\n\n\n\n<p>Me Quiere Sonar hace uso de cookies propias y de terceros para ayudar a analizar el uso que hace el usuario del sitio web y mejorar la usabilidad del mismo y conseguir una mejor experiencia de navegaci\u00f3n.\u00a0En todo momento, la informaci\u00f3n recogida es an\u00f3nima.\u00a0Al acceder a la web Me Quiere Sonar y seguir navegando informamos que se instalar\u00e1n estas cookies.<\/p>\n\n\n\n<p>El usuario podr\u00e1 rechazar el tratamiento de los datos o la informaci\u00f3n bloqueando estas cookies mediante la configuraci\u00f3n apropiada del navegador.&nbsp;Podr\u00e1s encontrar m\u00e1s informaci\u00f3n detallada sobre la gesti\u00f3n de cookies en las p\u00e1ginas web de los respectivos navegadores.<\/p>\n\n\n\n<h1 class=\"wp-block-heading\"><strong>6. Enlaces<\/strong><\/h1>\n\n\n\n<p>Me Quiere Sonar contiene enlaces externos a otras p\u00e1ginas en las que no aprueba, supervisa o controla en modo alguno los contenidos y servicios y cualquier material de cualquier naturaleza existente en los mismos.<\/p>\n\n\n\n<p>La inclusi\u00f3n de cualquier enlace no implica necesariamente una recomendaci\u00f3n ni respalda las opiniones expresadas en ellos. Me Quiere Sonar no se hace responsable de ninguna manera de cualquier p\u00e9rdida o perjuicio que la tercera parte pudiera ocasionar al visitante por el hecho de utilizar una P\u00e1gina web externa.<\/p>\n\n\n\n<h1 class=\"wp-block-heading\"><strong>7. Pol\u00edtica de comentarios<\/strong><\/h1>\n\n\n\n<p>Me Quiere Sonar dispone de\u00a0un sistema de comentarios por el cual el usuario puede ofrecer su opini\u00f3n libre y abierta en cada uno de los art\u00edculos y p\u00e1ginas publicadas en la web.<\/p>\n\n\n\n<p>Me Quiere Sonar se reserva el derecho de moderar y no publicar los comentarios que se consideren\u00a0spam o sean ofensivos e insultantes.<\/p>\n\n\n\n<p>Aunque el objeto del comentario es libre, se sugiere que\u00a0est\u00e9n relacionados con el tema tratado en el art\u00edculo donde se publique el comentario. Me Quiere Sonar ser\u00e1 en \u00faltima instancia quien tome la decisi\u00f3n final sobre comentarios dudosos.<\/p>\n\n\n\n<p>Me Quiere Sonar no tolerar\u00e1 los comentarios racistas, xen\u00f3fobos, discriminatorios de cualquier tipo (edad, sexo, religi\u00f3n, etc.), con ataques personales, o que contengan insultos.<\/p>\n\n\n\n<p>Me Quiere Sonar cuenta con un sistema de detecci\u00f3n de spam \u2013 comentarios de trolls, enlaces a webs de phishing, ventas, etc. \u2013 complementado con una revisi\u00f3n manual de los comentarios publicados. Rechazamos el spam y a quienes lo fomentan o se lucran con \u00e9l.<\/p>\n\n\n\n<p>Me Quiere Sonar no admite la repetida publicaci\u00f3n de contenido id\u00e9ntico o similar en una manera contraproducente. Se incluye aqu\u00ed publicaciones que promocionan servicios o productos o enlaces a sitios web que promocionan servicios o productos.<\/p>\n\n\n\n<p>Me Quiere Sonar respeta la libertad de expresi\u00f3n de sus lectores y los comentarios con cr\u00edticas o desacuerdo respecto a lo planteado en un art\u00edculo no ser\u00e1n borrados siempre que se hagan con respeto y de acuerdo a estas normas.<\/p>\n\n\n\n<p>Me Quiere Sonar respeta la privacidad de sus usuarios. Los datos solicitados para realizar un comentario (obligatorios: nombre, correo electr\u00f3nico \u2013 no es visible para el resto de los lectores; opcionales: p\u00e1gina web si se tiene y se desea indicar) se hacen con el \u00fanico prop\u00f3sito de verificar que el que escribe es una persona f\u00edsica y no un robot programado para esparcir spam.<\/p>\n\n\n\n<p>Con respecto a los datos facilitados por el autor del comentario con los fines ya mencionados, Me Quiere Sonar en ning\u00fan caso los proporcionar\u00e1 a terceras personas, no ser\u00e1n usados con fines comerciales o \u201cspamear\u201d. Estos datos son privados, solo el autor del blog tiene acceso a ellos y se compromete a no revelarlos a nadie ni a contactar privadamente con el lector.<\/p>\n\n\n\n<p>Me Quiere Sonar no verificar\u00e1 la autenticidad o no de los datos proporcionados puesto que, tal y como hemos indicado, s\u00f3lo tiene como funci\u00f3n combatir el spam y las malas formas.<\/p>\n\n\n\n<p>Cualquier usuario podr\u00e1 pedir la eliminaci\u00f3n de su comentario o los datos identificativos bajo env\u00edo de la documentaci\u00f3n pertinente a mequieresonarmail@gmail.com<\/p>\n\n\n\n<p>En caso de que un lector participe en un sorteo organizado por Me Quiere Sonar y que se base en dejar la respuesta a una pregunta o similar en forma de comentario, el lector da su conformidad para que se le contacte por email \u00fanica y exclusivamente si resulta ganador y s\u00f3lo para tal fin.<\/p>\n\n\n\n<p>Me Quiere Sonar pone a disposici\u00f3n de los lectores un Formulario de contacto en caso de que se quieran plantear cuestiones no relacionadas con el tema de un art\u00edculo o que, por su extensi\u00f3n, superen los l\u00edmites razonables de un comentario. Los usuarios pueden usar libremente este formulario de contacto para contactar con los autores de Me Quiere Sonar, emitir sus quejas, sugerencias o consultas.<\/p>\n\n\n\n<h1 class=\"wp-block-heading\"><strong>8. Protecci\u00f3n de datos<\/strong><\/h1>\n\n\n\n<p>La visita a la web\u00a0no supone que el usuario est\u00e9 obligado a facilitar informaci\u00f3n de ning\u00fan tipo. Pero en el caso de que proporcione alguna informaci\u00f3n de car\u00e1cter personal, a trav\u00e9s del formulario, Me Quiere Sonar<strong>\u00a0<\/strong>se compromete a respetar su confidencialidad y a utilizarlos de acuerdo con la finalidad de la misma,\u00a0as\u00ed como a adaptar todas las medidas para evitar la alteraci\u00f3n, p\u00e9rdida, tratamiento o acceso no autorizado, de conformidad con lo establecido en la normativa vigente de protecci\u00f3n de datos.\u00a0Los datos personales proporcionados se conservar\u00e1n hasta que no se solicite su supresi\u00f3n por el interesado.<\/p>\n\n\n\n<p>Me Quiere Sonar jam\u00e1s compartir\u00e1 datos de los usuarios de la web con terceros a menos que los usuarios hayan sido informados previamente y contemos con su autorizaci\u00f3n expresa.<\/p>\n\n\n\n<p>El usuario tiene acceso en todo momento a sus datos personales, pudiendo ejercer el derecho de solicitar la modificaci\u00f3n, limitaci\u00f3n o eliminaci\u00f3n de la informaci\u00f3n proporcionada, as\u00ed como gestionar su baja directamente, o mediante solicitud por e-mail a mequieresonarmail@gmail.com<\/p>\n\n\n\n<p><strong>Datos personales que recoge Mi Aventura Viajando y su finalidad y tratamiento<\/strong><\/p>\n\n\n\n<p>Estas son las diferentes v\u00edas por las se requieren datos privados del usuario:<\/p>\n\n\n\n<ul class=\"wp-block-list\">\n<li><strong>Formulario de contacto:&nbsp;<\/strong>los datos personales requeridos son el nombre y el e-mail. La finalidad es dar la posibilidad de ponerse en contacto con los autores del blog de forma r\u00e1pida y sencilla, para cualquier tipo de duda o pregunta. El e-mail nos llegar\u00e1 a nuestra cuenta de gmail (Google).<\/li>\n\n\n\n<li><strong>Formulario de comentarios post<\/strong>: Tambi\u00e9n se recogen datos personales correspondientes a los comentarios relacionados con los post publicados. En este caso, se requiere un nombre y un correo electr\u00f3nico.<\/li>\n\n\n\n<li><strong>Suscripci\u00f3n a la newsletter<\/strong>: solo se solicita el e-mail personal. Los datos que me facilitas estar\u00e1n ubicados en los servidores de Mailjet (como proveedor de email marketing) ubicado fuera de la UE en EEUU. Mailjet est\u00e1 acogido al acuerdo EU-US Privacy Shield, aprobado por el Comit\u00e9 Europeo de Protecci\u00f3n de Datos. Ver\u00a0pol\u00edtica de privacidad de Mailjet.<\/li>\n<\/ul>\n\n\n\n<p>Puedes ver m\u00e1s informaci\u00f3n aqu\u00ed:\u00a0pol\u00edtica de privacidad<\/p>\n\n\n\n<h1 class=\"wp-block-heading\"><strong>9. Derechos de propiedad intelectual e industrial<\/strong><\/h1>\n\n\n\n<p>Mediante estas Condiciones Generales no se cede ning\u00fan derecho de propiedad intelectual o industrial sobre el portal www.mequieresonar.com\u00a0ni sobre ninguno de sus elementos integrantes, quedando expresamente prohibidos al usuario la reproducci\u00f3n, transformaci\u00f3n, distribuci\u00f3n, comunicaci\u00f3n p\u00fablica, puesta a disposici\u00f3n del p\u00fablico, extracci\u00f3n, reutilizaci\u00f3n, reenv\u00edo o la utilizaci\u00f3n de cualquier naturaleza, por cualquier medio o procedimiento, de cualquiera de ellos, salvo en los casos en que est\u00e9 legalmente permitido o sea autorizado por el titular de los correspondientes derechos.<\/p>\n\n\n\n<p>El usuario conoce y acepta que la totalidad del sitio web, conteniendo sin car\u00e1cter exhaustivo el texto, software, contenidos (incluyendo estructura, selecci\u00f3n, ordenaci\u00f3n y presentaci\u00f3n de los mismos) fotograf\u00edas, material audiovisual y gr\u00e1ficos, est\u00e1 protegida por marcas, derechos de autor y otros derechos leg\u00edtimos registrados, de acuerdo con los tratados internacionales en los que Espa\u00f1a es parte y otros derechos de propiedad y leyes de Espa\u00f1a.<\/p>\n\n\n\n<h1 class=\"wp-block-heading\"><strong>10. Direcci\u00f3n de contacto<\/strong><\/h1>\n\n\n\n<p>En caso de que cualquier usuario tuviese alguna duda acerca de estas Condiciones Generales o cualquier comentario sobre el portal www.mequieresonar.com, por favor dir\u00edjase a\u00a0<strong>mequieresonarmail@gmail.com<\/strong>.<\/p>\n","protected":false},"excerpt":{"rendered":"<p>Identificaci\u00f3n y Titularidad En cumplimiento del art\u00edculo 10 de la Ley 34\/2002, de 11 de julio, de Servicios de la Sociedad de la Informaci\u00f3n y &hellip; <\/p>\n","protected":false},"author":1,"featured_media":0,"parent":0,"menu_order":0,"comment_status":"closed","ping_status":"closed","template":"","meta":{"footnotes":""},"class_list":["post-148","page","type-page","status-publish","hentry","latest_post"],"_links":{"self":[{"href":"https:\/\/mequieresonar.com\/index.php\/wp-json\/wp\/v2\/pages\/148","targetHints":{"allow":["GET"]}}],"collection":[{"href":"https:\/\/mequieresonar.com\/index.php\/wp-json\/wp\/v2\/pages"}],"about":[{"href":"https:\/\/mequieresonar.com\/index.php\/wp-json\/wp\/v2\/types\/page"}],"author":[{"embeddable":true,"href":"https:\/\/mequieresonar.com\/index.php\/wp-json\/wp\/v2\/users\/1"}],"replies":[{"embeddable":true,"href":"https:\/\/mequieresonar.com\/index.php\/wp-json\/wp\/v2\/comments?post=148"}],"version-history":[{"count":1,"href":"https:\/\/mequieresonar.com\/index.php\/wp-json\/wp\/v2\/pages\/148\/revisions"}],"predecessor-version":[{"id":149,"href":"https:\/\/mequieresonar.com\/index.php\/wp-json\/wp\/v2\/pages\/148\/revisions\/149"}],"wp:attachment":[{"href":"https:\/\/mequieresonar.com\/index.php\/wp-json\/wp\/v2\/media?parent=148"}],"curies":[{"name":"wp","href":"https:\/\/api.w.org\/{rel}","templated":true}]}}