{"id":165,"date":"2024-03-02T00:57:17","date_gmt":"2024-03-02T00:57:17","guid":{"rendered":"https:\/\/mequieresonar.com\/?page_id=165"},"modified":"2024-03-18T00:39:13","modified_gmt":"2024-03-18T00:39:13","slug":"quien-soy","status":"publish","type":"page","link":"https:\/\/mequieresonar.com\/index.php\/quien-soy\/","title":{"rendered":"\u00bfQui\u00e9n soy?"},"content":{"rendered":"\n<figure class=\"wp-block-image size-full\"><img decoding=\"async\" width=\"178\" height=\"145\" src=\"https:\/\/mequieresonar.com\/wp-content\/uploads\/2024\/03\/poesia.jpg\" alt=\"\" class=\"wp-image-251\" title=\"\" srcset=\"https:\/\/mequieresonar.com\/wp-content\/uploads\/2024\/03\/poesia.jpg 178w, https:\/\/mequieresonar.com\/wp-content\/uploads\/2024\/03\/poesia-74x60.jpg 74w\" sizes=\"(max-width: 178px) 100vw, 178px\" \/><\/figure>\n\n\n\n<details class=\"wp-block-details is-layout-flow wp-block-details-is-layout-flow\"><summary>#poetaviajera<\/summary>\n<p><\/p>\n<\/details>\n\n\n\n<div class=\"wp-block-group\"><div class=\"wp-block-group__inner-container is-layout-constrained wp-block-group-is-layout-constrained\">\n<div class=\"wp-block-columns is-layout-flex wp-container-core-columns-is-layout-9d6595d7 wp-block-columns-is-layout-flex\">\n<div class=\"wp-block-column is-layout-flow wp-block-column-is-layout-flow\" style=\"flex-basis:100%\">\n<div class=\"wp-block-columns is-layout-flex wp-container-core-columns-is-layout-9d6595d7 wp-block-columns-is-layout-flex\">\n<div class=\"wp-block-column is-vertically-aligned-stretch is-layout-flow wp-block-column-is-layout-flow\" style=\"flex-basis:100%\">\n<p>\u00a1Hola, soy Diana, un alma inquieta que naci\u00f3 en Madrid hace ya un rato&#8230;! Aunque yo me autodenomino ciudadana universal (y \u00abageneracional\u00bb, no s\u00e9 cu\u00e1ntas vidas llevo aqu\u00ed, jeje). Desde que era ni\u00f1a he tenido una buena relaci\u00f3n con las palabras, de ah\u00ed que hable tanto que, a veces, necesite escribirlas. \u00a1No caben tal cantidad de palabras en el aire! As\u00ed que les doy forma y, en ocasiones, las comparto con los dem\u00e1s. A veces, en forma de poema; otras, son s\u00f3lo frases&#8230;. Depende de lo que #mymuso o mis experiencias me hayan inspirado. <\/p>\n\n\n\n<p>Soy una persona muy curiosa y constantemente ando cuestion\u00e1ndome y reflexionando sobre la vida en general. Cada persona y su historia son como un libro que est\u00e1 por leer. Y qu\u00e9 te digo&#8230; Amo viajar y descubrir lugares nuevos. Estrenar est\u00edmulos es adictivo. Todo lo que est\u00e9 por descubrir llama mi atenci\u00f3n. \u00a1Eso s\u00ed que es poes\u00eda! <\/p>\n\n\n\n<div class=\"wp-block-group\"><div class=\"wp-block-group__inner-container is-layout-constrained wp-block-group-is-layout-constrained\">\n<p>As\u00ed que he decidido combinar por aqu\u00ed mis grandes pasiones: las palabras, los viajes y la vida. De esta forma  podr\u00e1s conocerme y explorar el mundo a trav\u00e9s de mis letras y de mi mirada (por eso no sale en las fotos, para no hacer spoiler) \ud83d\ude09<\/p>\n\n\n\n<p>Espero que lo disfrutes tanto como yo comparti\u00e9ndolo. \u00bfTe apetece dar una vuelta?\ud83c\udf0d\ud83d\udcd6\u2728<\/p>\n\n\n\n<p><\/p>\n\n\n\n<p><\/p>\n<\/div><\/div>\n<\/div>\n<\/div>\n<\/div>\n<\/div>\n<\/div><\/div>\n","protected":false},"excerpt":{"rendered":"<p>\u00a1Hola, soy Diana, un alma inquieta que naci\u00f3 en Madrid hace ya un rato&#8230;! Aunque yo me autodenomino ciudadana universal (y \u00abageneracional\u00bb, no s\u00e9 cu\u00e1ntas &hellip; <\/p>\n","protected":false},"author":1,"featured_media":0,"parent":0,"menu_order":0,"comment_status":"closed","ping_status":"closed","template":"","meta":{"footnotes":""},"class_list":["post-165","page","type-page","status-publish","hentry","latest_post"],"_links":{"self":[{"href":"https:\/\/mequieresonar.com\/index.php\/wp-json\/wp\/v2\/pages\/165","targetHints":{"allow":["GET"]}}],"collection":[{"href":"https:\/\/mequieresonar.com\/index.php\/wp-json\/wp\/v2\/pages"}],"about":[{"href":"https:\/\/mequieresonar.com\/index.php\/wp-json\/wp\/v2\/types\/page"}],"author":[{"embeddable":true,"href":"https:\/\/mequieresonar.com\/index.php\/wp-json\/wp\/v2\/users\/1"}],"replies":[{"embeddable":true,"href":"https:\/\/mequieresonar.com\/index.php\/wp-json\/wp\/v2\/comments?post=165"}],"version-history":[{"count":7,"href":"https:\/\/mequieresonar.com\/index.php\/wp-json\/wp\/v2\/pages\/165\/revisions"}],"predecessor-version":[{"id":265,"href":"https:\/\/mequieresonar.com\/index.php\/wp-json\/wp\/v2\/pages\/165\/revisions\/265"}],"wp:attachment":[{"href":"https:\/\/mequieresonar.com\/index.php\/wp-json\/wp\/v2\/media?parent=165"}],"curies":[{"name":"wp","href":"https:\/\/api.w.org\/{rel}","templated":true}]}}